{"id":15,"date":"2014-02-15T15:17:28","date_gmt":"2014-02-15T14:17:28","guid":{"rendered":"http:\/\/neu.vermieterverein-bedburg.de\/?page_id=15"},"modified":"2018-02-25T09:48:18","modified_gmt":"2018-02-25T08:48:18","slug":"verein","status":"publish","type":"page","link":"https:\/\/www.vermieterverein-bedburg.de\/","title":{"rendered":"Verein"},"content":{"rendered":"<p><b>Der Eigent\u00fcmer- und Vermieterverein Bedburg und Umgebung<\/b><\/p>\n<p style=\"text-align: justify;\">ist die im Rhein- Erft- Kreis t\u00e4tige Interessengemeinschaft der Haus-, Wohnungs- und Grundeigent\u00fcmer. Wir sind mit dem K\u00f6lner Haus- und Grundbesitzerverein von 1888 e. V. in Kooperation zusammengeschlossen. Durch diese Zusammenarbeit erwachsen\u00a0unseren Mitgliedern vielf\u00e4ltige Vorteile.<\/p>\n<p style=\"text-align: justify;\">Unser Verein hat es sich zur Aufgabe gemacht, auch Ihre Rechte im Rahmen der geltenden Gesetze und Verordnungen zu sichern, zu verbessern und auszubauen. Wir treten daf\u00fcr ein, dass privates Hauseigentum f\u00fcr eine m\u00f6glichst\u00a0 gro\u00dfe Zahl von B\u00fcrgern geschaffen wird.<\/p>\n<p style=\"text-align: justify;\">Durch Ihre Mitgliedschaft st\u00e4rken Sie nicht nur unsere Organisation. Als Eigent\u00fcmer eines Hauses oder einer Eigentumswohnung sichern Sie sich und Ihren Kindern die Erhaltung dieser Rechte, da diese ohnehin in den letzten Jahren wesentlich eingeschr\u00e4nkt worden sind.<\/p>\n<p style=\"text-align: justify;\">F\u00fcr Besitzer von Immobilien, H\u00e4usern und Wohnungen stellt sich bei unterschiedlichen Rechtsauffassungen h\u00e4ufig die Frage: &#8222;Bin ich im Recht oder verliere ich einen m\u00f6glichen Prozess&#8220;? Heutzutage werden mehr und mehr Streitf\u00e4lle vor Gerichten ausgetragen. Deshalb ist es besonders wichtig, seine Rechte zu kennen, um Fehler zu vermeiden.<\/p>\n<p style=\"text-align: justify;\">Als Mitglied in unserem Verein k\u00f6nnen Sie sich von unseren kompetenten Rechtsanw\u00e4lten kostenlos beraten lassen.<\/p>\n<p><i>Bildernachweis &#8211; siehe <a title=\"Impressum\" href=\"https:\/\/www.vermieterverein-bedburg.de\/?page_id=36\">Impressum<\/a><\/i><\/p>\n","protected":false},"excerpt":{"rendered":"<p>Der Eigent\u00fcmer- und Vermieterverein Bedburg und Umgebung ist die im Rhein- Erft- Kreis t\u00e4tige Interessengemeinschaft der Haus-, Wohnungs- und Grundeigent\u00fcmer. Wir sind mit dem K\u00f6lner Haus- und Grundbesitzerverein von 1888 e. V. in Kooperation zusammengeschlossen. Durch diese Zusammenarbeit erwachsen\u00a0unseren Mitgliedern vielf\u00e4ltige Vorteile. Unser Verein hat es sich zur Aufgabe gemacht, auch Ihre Rechte im Rahmen [&hellip;]<\/p>\n","protected":false},"author":1,"featured_media":0,"parent":0,"menu_order":0,"comment_status":"closed","ping_status":"closed","template":"","meta":{"footnotes":""},"class_list":["post-15","page","type-page","status-publish","hentry"],"_links":{"self":[{"href":"https:\/\/www.vermieterverein-bedburg.de\/index.php?rest_route=\/wp\/v2\/pages\/15","targetHints":{"allow":["GET"]}}],"collection":[{"href":"https:\/\/www.vermieterverein-bedburg.de\/index.php?rest_route=\/wp\/v2\/pages"}],"about":[{"href":"https:\/\/www.vermieterverein-bedburg.de\/index.php?rest_route=\/wp\/v2\/types\/page"}],"author":[{"embeddable":true,"href":"https:\/\/www.vermieterverein-bedburg.de\/index.php?rest_route=\/wp\/v2\/users\/1"}],"replies":[{"embeddable":true,"href":"https:\/\/www.vermieterverein-bedburg.de\/index.php?rest_route=%2Fwp%2Fv2%2Fcomments&post=15"}],"version-history":[{"count":4,"href":"https:\/\/www.vermieterverein-bedburg.de\/index.php?rest_route=\/wp\/v2\/pages\/15\/revisions"}],"predecessor-version":[{"id":467,"href":"https:\/\/www.vermieterverein-bedburg.de\/index.php?rest_route=\/wp\/v2\/pages\/15\/revisions\/467"}],"wp:attachment":[{"href":"https:\/\/www.vermieterverein-bedburg.de\/index.php?rest_route=%2Fwp%2Fv2%2Fmedia&parent=15"}],"curies":[{"name":"wp","href":"https:\/\/api.w.org\/{rel}","templated":true}]}}