{"id":20,"date":"2014-02-15T15:23:26","date_gmt":"2014-02-15T14:23:26","guid":{"rendered":"http:\/\/neu.vermieterverein-bedburg.de\/?page_id=20"},"modified":"2025-01-02T19:50:16","modified_gmt":"2025-01-02T18:50:16","slug":"mitglied-werden","status":"publish","type":"page","link":"https:\/\/www.vermieterverein-bedburg.de\/?page_id=20","title":{"rendered":"Mitglied werden"},"content":{"rendered":"<p style=\"text-align: justify;\">Der Jahresbeitrag betr\u00e4gt 40,00 \u20ac zzgl. einer einmaligen Aufnahmegeb\u00fchr in H\u00f6he eines Jahresbeitrages. Der Beitrag ist steuerlich absetzbar und kann in der Anlage V &#8222;Eink\u00fcnfte aus Vermietung und Verpachtung&#8220; in der Steuererkl\u00e4rung angegeben werden.<\/p>\n<p style=\"text-align: justify;\">Bitte sprechen Sie einen pers\u00f6nlichen Termin mit unserem Vorstand f\u00fcr die Kl\u00e4rung Ihrer anstehenden Fragen ab.\u00a0Unser <a href=\"https:\/\/www.vermieterverein-bedburg.de\/wp-content\/uploads\/2024\/12\/Beitrittserklaerung-u-SEPA-auf-2-Seiten-Stand-2025.01.01.pdf\" target=\"_blank\" rel=\"noopener\">Anmeldeformular<\/a> erhalten Sie auch hier. Speichern Sie das Formular auf Ihrem Computer, um es danach ausdrucken zu k\u00f6nnen. Senden Sie uns das ausgef\u00fcllte Anmeldeformular per Post zu. Nach Eingang der Beitrittserkl\u00e4rung k\u00f6nnen Sie sofort unsere Leistungen voll und ganz in Anspruch nehmen.<\/p>\n\n\n<div class=\"wp-block-columns is-layout-flex wp-container-core-columns-is-layout-9d6595d7 wp-block-columns-is-layout-flex\">\n<div class=\"wp-block-column is-layout-flow wp-block-column-is-layout-flow\">\n<p class=\"has-text-align-center\"><strong><a href=\"https:\/\/www.vermieterverein-bedburg.de\/wp-content\/uploads\/2024\/12\/Beitrittserklaerung-u-SEPA-auf-2-Seiten-Stand-2025.01.01.pdf\" data-type=\"link\" data-id=\"https:\/\/www.vermieterverein-bedburg.de\/wp-content\/uploads\/2024\/12\/Beitrittserklaerung-u-SEPA-auf-2-Seiten-Stand-2025.01.01.pdf\" target=\"_blank\" rel=\"noreferrer noopener\">Anmeldeformular<\/a><\/strong><\/p>\n<\/div>\n\n\n\n<div class=\"wp-block-column is-layout-flow wp-block-column-is-layout-flow\">\n<p class=\"has-text-align-center\"><strong><a href=\"https:\/\/www.vermieterverein-bedburg.de\/wp-content\/uploads\/2022\/06\/Datenschutzerklaerung-Stand-Mai-2018b.pdf\" target=\"_blank\" rel=\"noreferrer noopener\">Datenschutzerkl\u00e4rung<\/a><\/strong><\/p>\n<\/div>\n<\/div>\n\n\n\n<p><\/p>\n","protected":false},"excerpt":{"rendered":"<p>Der Jahresbeitrag betr\u00e4gt 40,00 \u20ac zzgl. einer einmaligen Aufnahmegeb\u00fchr in H\u00f6he eines Jahresbeitrages. Der Beitrag ist steuerlich absetzbar und kann in der Anlage V &#8222;Eink\u00fcnfte aus Vermietung und Verpachtung&#8220; in der Steuererkl\u00e4rung angegeben werden. Bitte sprechen Sie einen pers\u00f6nlichen Termin mit unserem Vorstand f\u00fcr die Kl\u00e4rung Ihrer anstehenden Fragen ab.\u00a0Unser Anmeldeformular erhalten Sie auch hier. [&hellip;]<\/p>\n","protected":false},"author":1,"featured_media":0,"parent":15,"menu_order":1,"comment_status":"closed","ping_status":"closed","template":"","meta":{"footnotes":""},"class_list":["post-20","page","type-page","status-publish","hentry"],"_links":{"self":[{"href":"https:\/\/www.vermieterverein-bedburg.de\/index.php?rest_route=\/wp\/v2\/pages\/20","targetHints":{"allow":["GET"]}}],"collection":[{"href":"https:\/\/www.vermieterverein-bedburg.de\/index.php?rest_route=\/wp\/v2\/pages"}],"about":[{"href":"https:\/\/www.vermieterverein-bedburg.de\/index.php?rest_route=\/wp\/v2\/types\/page"}],"author":[{"embeddable":true,"href":"https:\/\/www.vermieterverein-bedburg.de\/index.php?rest_route=\/wp\/v2\/users\/1"}],"replies":[{"embeddable":true,"href":"https:\/\/www.vermieterverein-bedburg.de\/index.php?rest_route=%2Fwp%2Fv2%2Fcomments&post=20"}],"version-history":[{"count":20,"href":"https:\/\/www.vermieterverein-bedburg.de\/index.php?rest_route=\/wp\/v2\/pages\/20\/revisions"}],"predecessor-version":[{"id":900,"href":"https:\/\/www.vermieterverein-bedburg.de\/index.php?rest_route=\/wp\/v2\/pages\/20\/revisions\/900"}],"up":[{"embeddable":true,"href":"https:\/\/www.vermieterverein-bedburg.de\/index.php?rest_route=\/wp\/v2\/pages\/15"}],"wp:attachment":[{"href":"https:\/\/www.vermieterverein-bedburg.de\/index.php?rest_route=%2Fwp%2Fv2%2Fmedia&parent=20"}],"curies":[{"name":"wp","href":"https:\/\/api.w.org\/{rel}","templated":true}]}}