{"id":36,"date":"2014-02-15T15:32:32","date_gmt":"2014-02-15T14:32:32","guid":{"rendered":"http:\/\/neu.vermieterverein-bedburg.de\/?page_id=36"},"modified":"2025-04-05T10:19:03","modified_gmt":"2025-04-05T09:19:03","slug":"impressum","status":"publish","type":"page","link":"https:\/\/www.vermieterverein-bedburg.de\/?page_id=36","title":{"rendered":"Impressum"},"content":{"rendered":"<p><i>Anbieter: <\/i><br \/>\n<b>Eigent\u00fcmer &#8211; und Vermieterverein Bedburg und Umgebung<\/b><br \/>\n<b><br \/>\n<\/b><i>Verantwortlich:<\/i><br \/>\nReimund Gau<br \/>\nAntoniushof<br \/>\n50126 Bergheim<\/p>\n<p><span style=\"color: #000000;\">E-Mail: <a style=\"color: #000000;\" title=\"Kontakt\" href=\"http:\/\/www.vermieterverein-bedburg.de\/?page_id=33\">vermieterverein-bedburg@gmx.de<\/a><\/span><br \/>\n<span style=\"color: #000000;\"> Internet: <a style=\"color: #000000;\" href=\"http:\/\/www.vermieterverein-bedburg.de\/\">www.vermieterverein-bedburg.de<\/a><\/span><\/p>\n<p style=\"text-align: justify;\"><i>Datenschutz:<br \/>\n<\/i>Ihre Daten werden ausschlie\u00dflich f\u00fcr diese Anfrage gespeichert, eine Weitergabe an Dritte erfolgt ausdr\u00fccklich nicht. F\u00fcr den Inhalt der Seiten anderer Webanbieter, auf die wir einen Link setzen, sind wir nicht verantwortlich. Inhalt und Gestaltung der Webseiten des Eigent\u00fcmer- und Vermietervereins Bedburg und Umgebung sind urheberrechtlich gesch\u00fctzt. Die Vervielf\u00e4ltigung der enthaltenen Daten und Informationen bedarf der vorherigen schriftlichen Zustimmung des Eigent\u00fcmer- und Vermietervereins Bedburg und Umgebung.<br \/>\nWeiteres entnehmen Sie bitte unserer <a href=\"https:\/\/www.vermieterverein-bedburg.de\/?page_id=488\">Datenschutzerkl\u00e4rung<\/a>.<\/p>\n<p>&nbsp;<\/p>\n<p><i>Bildnachweis:<\/i><br \/>\nHeaderbilderSchloss Bedburg &#8211; By <a href=\"http:\/\/commons.wikimedia.org\/wiki\/User_talk:Tohma\" target=\"_blank\" rel=\"noopener\">Tohma<\/a> [ <a href=\"http:\/\/en.wikipedia.org\/wiki\/GNU_Free_Documentation_License\">GFDL<\/a> ], <a href=\"http:\/\/commons.wikimedia.org\/wiki\/File:Schloss_Bedburg_3.jpg\">from Wikimedia Commons<br \/>\n<\/a>Stadttor Bergheim &#8211; Selbstanfertigung, Stadtverwaltung Elsdorf &#8211; Selbstanfertigung<\/p>\n","protected":false},"excerpt":{"rendered":"<p>Anbieter: Eigent\u00fcmer &#8211; und Vermieterverein Bedburg und Umgebung Verantwortlich: Reimund Gau Antoniushof 50126 Bergheim E-Mail: vermieterverein-bedburg@gmx.de Internet: www.vermieterverein-bedburg.de Datenschutz: Ihre Daten werden ausschlie\u00dflich f\u00fcr diese Anfrage gespeichert, eine Weitergabe an Dritte erfolgt ausdr\u00fccklich nicht. F\u00fcr den Inhalt der Seiten anderer Webanbieter, auf die wir einen Link setzen, sind wir nicht verantwortlich. Inhalt und Gestaltung der [&hellip;]<\/p>\n","protected":false},"author":1,"featured_media":0,"parent":0,"menu_order":5,"comment_status":"closed","ping_status":"closed","template":"","meta":{"footnotes":""},"class_list":["post-36","page","type-page","status-publish","hentry"],"_links":{"self":[{"href":"https:\/\/www.vermieterverein-bedburg.de\/index.php?rest_route=\/wp\/v2\/pages\/36","targetHints":{"allow":["GET"]}}],"collection":[{"href":"https:\/\/www.vermieterverein-bedburg.de\/index.php?rest_route=\/wp\/v2\/pages"}],"about":[{"href":"https:\/\/www.vermieterverein-bedburg.de\/index.php?rest_route=\/wp\/v2\/types\/page"}],"author":[{"embeddable":true,"href":"https:\/\/www.vermieterverein-bedburg.de\/index.php?rest_route=\/wp\/v2\/users\/1"}],"replies":[{"embeddable":true,"href":"https:\/\/www.vermieterverein-bedburg.de\/index.php?rest_route=%2Fwp%2Fv2%2Fcomments&post=36"}],"version-history":[{"count":6,"href":"https:\/\/www.vermieterverein-bedburg.de\/index.php?rest_route=\/wp\/v2\/pages\/36\/revisions"}],"predecessor-version":[{"id":923,"href":"https:\/\/www.vermieterverein-bedburg.de\/index.php?rest_route=\/wp\/v2\/pages\/36\/revisions\/923"}],"wp:attachment":[{"href":"https:\/\/www.vermieterverein-bedburg.de\/index.php?rest_route=%2Fwp%2Fv2%2Fmedia&parent=36"}],"curies":[{"name":"wp","href":"https:\/\/api.w.org\/{rel}","templated":true}]}}