{"id":488,"date":"2018-09-08T12:53:42","date_gmt":"2018-09-08T11:53:42","guid":{"rendered":"https:\/\/www.vermieterverein-bedburg.de\/?page_id=488"},"modified":"2022-06-12T15:12:20","modified_gmt":"2022-06-12T14:12:20","slug":"datenschutzerklaerung","status":"publish","type":"page","link":"https:\/\/www.vermieterverein-bedburg.de\/?page_id=488","title":{"rendered":"Datenschutzerkl\u00e4rung"},"content":{"rendered":"<h1>Eigent\u00fcmer- und Vermieterverein Bedburg und Umgebung<br \/>\nc\/o Adelheid Kronenberg, Friedlandstr. 72, 50181 Bedburg<\/h1>\n<h2>Datenschutz-Information i. S. der Datenschutz-Grundverordnung<\/h2>\n<h3>1. Name und Kontaktdaten des f\u00fcr die Verarbeitung Verantwortlichen<br \/>\nDiese Datenschutz- Information gilt f\u00fcr die Datenverarbeitung durch:<\/h3>\n<p>Verantwortlicher: Eigent\u00fcmer- und Vermieterverein Bedburg und Umgebung<br \/>\nc\/o Adelheid Kronenberg, Friedlandstra\u00dfe 72, 50181 Bedburg<br \/>\nE- Mail: <a href=\"mailto:vermieterverein-bedburg@gmx.de\">vermieterverein-bedburg@gmx.de<\/a><br \/>\nTelefon: 02272\/81402<br \/>\nHomepage: <a href=\"https:\/\/www.vermieterverein-bedburg.de\">www.vermieterverein-bedburg.de<\/a><\/p>\n<h3>2. Erhebung und Speicherung personenbezogener Daten und Art und Zweck von deren Verwendung<\/h3>\n<p>a) beim Besuch der Website<\/p>\n<p>Beim Aufrufen unserer Website www.vermieterverein-bedburg.de werden durch den auf Ihrem Endger\u00e4t zum Einsatz kommenden Browser automatisch Informationen an den Server unserer Website gesendet. Diese Informationen werden tempor\u00e4r in einem sogenannten Logfile gespeichert. Folgende Informationen werden dabei ohne Ihr Zutun erfasst und bis zur automatisierten L\u00f6schung gespeichert:<\/p>\n<ul>\n<li>IP-Adresse des anfragenden Rechners,<\/li>\n<li>Datum und Uhrzeit des Zugriffs,<\/li>\n<li>Name und URL der abgerufenen Datei,<\/li>\n<li>Website, von der aus der Zugriff erfolgt (referrer URL),<\/li>\n<li>verwendeter Browser und ggf. das Betriebssystem des Rechners sowie der Name Ihres Access-Providers.<\/li>\n<\/ul>\n<p>Die Verarbeitung dieser personenbezogenen Daten ist gem. Art. 6 Abs. 1 Satz 1 Buchst. f) DSGVO gerechtfertigt. Der Verein hat ein berechtigtes Interesse an der Datenverarbeitung zu dem Zweck,<\/p>\n<ul>\n<li>Gew\u00e4hrleistung eines reibungslosen Verbindungsaufbaus der Website,<\/li>\n<li>Gew\u00e4hrleistung einer komfortablen Nutzung unserer Website,<\/li>\n<li>Auswertung der Systemsicherheit und Stabilit\u00e4t sowie<\/li>\n<li>zu weiteren administrativen Zwecken.<\/li>\n<\/ul>\n<p>Die Verarbeitung erfolgt ausdr\u00fccklich nicht zu dem Zweck, Erkenntnisse \u00fcber die Person des Besuchers der Webseite zu gewinnen.<\/p>\n<p>b) bei Nutzung unseres Kontaktformulars<\/p>\n<p>Bei Fragen jeglicher Art bieten wir Ihnen die M\u00f6glichkeit, mit uns \u00fcber ein auf der Website bereitgestelltes Formular Kontakt aufzunehmen. Dabei ist die Angabe Ihres Vor- und Nachnamens sowie einer g\u00fcltigen E-Mail-Adresse erforderlich, damit wir wissen, von wem die Anfrage stammt und um diese beantworten zu k\u00f6nnen. Mit Absenden der Nachricht \u00fcber das Kontaktformular willigt der Besucher in die Verarbeitung der \u00fcbermittelten personenbezogenen Daten ein.<\/p>\n<p>Die Datenverarbeitung zum Zweck der Kontaktaufnahme mit uns erfolgt nach Artikel 6 Abs. 1 Satz 1 lit. a DSGVO auf Grundlage Ihrer freiwillig erteilten Einwilligung.<\/p>\n<p>Die f\u00fcr die Benutzung des Kontaktformulars von uns erhobenen personenbezogenen Daten werden nach Erledigung der von Ihnen gestellten Anfrage automatisch gel\u00f6scht.<\/p>\n<p>c) Newsletter<\/p>\n<p>Mit der Anmeldung zum Newsletterbezug erkl\u00e4rt sich der Besucher ausdr\u00fccklich mit der Verarbeitung der \u00fcbermittelten personenbezogenen Daten einverstanden. F\u00fcr die Anmeldung zum Bezug der Newsletter braucht lediglich eine E-Mail-Adresse, Name und Anrede des Besuchers eingetragen werden. Rechtsgrundlage f\u00fcr die Verarbeitung der personenbezogenen Daten des Besuchers zum Zwecke der Versendung von Newslettern ist die Einwilligung gem. Art. 6 Abs. 1 Satz 1 Buchst. a) DSGVO. Der Besucher kann sich jederzeit vom Empfang zuk\u00fcnftiger Newsletter abmelden. Dies kann \u00fcber die Verwendung eines speziellen Links am Ende des Newsletters oder durch entsprechende Nachricht per E-Mail an vermieterverein-bedburg@gmx.de erfolgen.<\/p>\n<h3>3. Weitergabe von Daten<\/h3>\n<p>Eine \u00dcbermittlung Ihrer pers\u00f6nlichen Daten an Dritte zu anderen als den im folgenden aufgef\u00fchrten Zwecken findet nicht statt.<\/p>\n<p>Wir geben Ihre pers\u00f6nlichen Daten nur an Dritte weiter, wenn:<\/p>\n<ul>\n<li>Sie Ihre nach Artikel 6 Abs. 1 Satz 1 lit. a DSGVO ausdr\u00fcckliche Einwilligung erteilt haben,<\/li>\n<li>die Weitergabe nach Artikel 6 Abs. 1 Satz 1 lit. f DSGVO zur Geltendmachung, Aus\u00fcbung oder Verteidigung von Rechtsanspr\u00fcchen erforderlich ist und kein Grund zur Annahme besteht, dass Sie ein \u00fcberwiegendes schutzw\u00fcrdiges Interesse an der Nichtweitergabe Ihrer Daten haben,<\/li>\n<li>f\u00fcr den Fall, dass f\u00fcr die Weitergabe nach Artikel 6 Abs. 1 Satz 1 lit. c DSGVO eine<br \/>\ngesetzliche Verpflichtung besteht sowie<\/li>\n<li>dies gesetzlich zul\u00e4ssig und nach Artikel 6 Abs. 1 Satz 1 lit. b DSGVO f\u00fcr die Abwicklung von Vertragsverh\u00e4ltnissen mit Ihnen erforderlich ist.<\/li>\n<\/ul>\n<h3>4. Betroffenenrechte<\/h3>\n<p>Sie k\u00f6nnen von uns Auskunft dar\u00fcber verlangen, ob personenbezogene Daten von Ihnen bei uns verarbeitet werden. Kein Auskunftsrecht besteht, wenn die Erteilung der begehrten Informationen aus Gr\u00fcnden, insbesondere wegen eines \u00fcberwiegenden berechtigten Interesses eines Dritten, geheim gehalten werden m\u00fcssen. Hiervon abweichend kann eine Pflicht zur Erteilung der Auskunft bestehen, wenn insbesondere unter Ber\u00fccksichtigung drohender Sch\u00e4den Ihre Interessen gegen\u00fcber dem Geheimhaltungsinteresse \u00fcberwiegen. Das Auskunftsrecht ist ferner ausgeschlossen, wenn die Daten nur deshalb gespeichert sind, weil sie aufgrund gesetzlicher oder satzungsm\u00e4\u00dfiger Aufbewahrungsfristen nicht gel\u00f6scht werden d\u00fcrfen oder ausschlie\u00dflich Zwecken der Datensicherung oder der Datenschutzkontrolle dienen, sofern die Auskunftserteilung einen unverh\u00e4ltnism\u00e4\u00dfig hohen Aufwand erfordern w\u00fcrde und die Verarbeitung zu anderen Zwecken durch geeignete technische und organisatorische Ma\u00dfnahmen ausgeschlossen ist. Sofern in Ihrem Fall das Auskunftsrecht nicht ausgeschlossen ist und Ihre personenbezogenen Daten von uns verarbeitet werden, haben Sie das Recht:<\/p>\n<ul>\n<li>gem. Artikel 15 DSGVO Auskunft \u00fcber Ihre von uns verarbeiteten personenbezogenen Daten zu verlangen. Insbesondere k\u00f6nnen Sie Auskunft \u00fcber die Verarbeitungszwecke, die Kategorie der personenbezogenen Daten, die Kategorien von Empf\u00e4ngern, gegen\u00fcber denen Ihre Daten offengelegt wurden oder werden, die geplante Speicherdauer, das Bestehen eines Rechts auf Berichtigung, L\u00f6schung, Einschr\u00e4nkung der Verarbeitung oder Widerspruch, das Bestehen eines Beschwerderechts, die Herkunft Ihrer Daten sofern diese nicht bei uns erhoben wurden sowie \u00fcber das Bestehen einer automatisierten Entscheidungsfindung einschlie\u00dflich Profiling und ggf. aussagekr\u00e4ftigen Informationen zu deren Einzelheiten verlangen;<\/li>\n<li>gem. Artikel 16 DSGVO unverz\u00fcglich die Berichtigung unrichtiger oder Vervollst\u00e4ndigung Ihrer bei uns gespeicherten personenbezogenen Daten zu verlangen;<\/li>\n<li>gem. Artikel 17 DSGVO die L\u00f6schung Ihrer bei uns gespeicherten personenbezogenen Daten zu verlangen, soweit nicht die Verarbeitung zur Aus\u00fcbung des Rechts auf freie Meinungs\u00e4u\u00dferung und Information, zur Erf\u00fcllung einer rechtlichen Verpflichtung, aus Gr\u00fcnden des \u00f6ffentlichen Interesses oder zur Geltendmachung, Aus\u00fcbung oder Verteidigung von Rechtsanspr\u00fcchen erforderlich ist;<\/li>\n<li>gem. Artikel 18 DSGVO die Einschr\u00e4nkung der Verarbeitung Ihrer personenbezogenen Daten verlangen, soweit die Richtigkeit der Daten von Ihnen bestritten wird, die Verarbeitung unrechtm\u00e4\u00dfig ist, sie aber deren L\u00f6schung ablehnen und die Daten nicht mehr ben\u00f6tigen, Sie jedoch diese zur Geltendmachung, Aus\u00fcbung oder Verteidigung von Rechtsanspr\u00fcchen ben\u00f6tigen oder Sie gem. Artikel 21 DSGVO Widerspruch gegen die Verarbeitung eingelegt haben;<\/li>\n<li>gem. Artikel 20 DSGVO Ihre personenbezogenen Daten, die Sie uns bereit gestellt haben, in einem strukturierten, g\u00e4ngigen und maschinenlesbaren Format zu erhalten oder die \u00dcbermittlung an einen anderen Verantwortlichen zu verlangen;<\/li>\n<li>gem. Artikel 7 Abs. 3 DSGVO Ihre einmal erteilte Einwilligung jederzeit gegen\u00fcber uns zu widerrufen. Dies hat zur Folge, dass wir die Datenverarbeitung, die auf dieser Einwilligung beruhte f\u00fcr die Zukunft nicht mehr fortf\u00fchren d\u00fcrfen und<\/li>\n<li>gem. Artikel 77 DSGVO sich bei einer Aufsichtsbeh\u00f6rde zu beschweren.<\/li>\n<\/ul>\n<p>In der Regel k\u00f6nnen Sie sich hierf\u00fcr an die Aufsichtsbeh\u00f6rde Ihres \u00fcblichen Aufenthaltsortes oder Arbeitsplatzes oder unseres Vereinssitzes wenden.<\/p>\n<h3>5. Widerspruchsrecht<\/h3>\n<p>Sofern die Verarbeitung auf Art. 6 Abs. 1 Satz 1 Buchst. e) DSGVO (Wahrnehmung einer Aufgabe im \u00f6ffentlichen Interesse oder in Aus\u00fcbung \u00f6ffentlicher Gewalt) oder auf Art. 6 Abs. 1 Satz 1 Buchst. f) DSGVO (berechtigtes Interesse des Verantwortlichen oder eines Dritten) beruht, haben Sie das Recht, aus Gr\u00fcnden, die sich aus Ihrer besonderen Situation ergeben, jederzeit gegen die Verarbeitung der Sie betreffenden personenbezogenen Daten Widerspruch einzulegen. Das gilt auch f\u00fcr ein auf Art. 6 Abs. 1 Satz 1 Buchst. e) oder Buchst. f) DSGVO gest\u00fctztes Profiling. Nach Aus\u00fcbung des Widerspruchsrechts verarbeiten wir Ihre personenbezogenen Daten nicht mehr, es sei denn, wir k\u00f6nnen zwingende schutzw\u00fcrdige Gr\u00fcnde f\u00fcr die Verarbeitung nachweisen, die Ihre Interessen, Rechte und Freiheiten \u00fcberwiegen, oder die Verarbeitung dient der Geltendmachung, Aus\u00fcbung oder Verteidigung von Rechtsanspr\u00fcchen.<\/p>\n<p>Sie k\u00f6nnen jederzeit Widerspruch gegen die Verarbeitung der Sie betreffenden personenbezogenen Daten zu Zwecken der Direktwerbung einlegen. Das gilt auch f\u00fcr ein Profiling, das mit einer solchen Direktwerbung in Verbindung steht. Nach Aus\u00fcbung dieses Widerspruchsrechts werden wir die betreffenden personenbezogenen Daten nicht mehr f\u00fcr Zwecke der Direktwerbung verwenden.<\/p>\n<p style=\"text-align: left;\">M\u00f6chten Sie von Ihrem Widerrufs- oder Widerspruchsrecht Gebrauch machen, gen\u00fcgt eine E-Mail an <a href=\"mailto:vermieterverein-bedburg@gmx.de\">vermieterverein-bedburg@gmx.de<\/a>.<\/p>\n<p>Sie haben auch die M\u00f6glichkeit, den Widerspruch telefonisch, ggf. per Telefax oder an unsere zu Beginn dieser Datenschutz- Information aufgef\u00fchrte Postadresse unseres Vereins formlos mitzuteilen.<\/p>\n<h3>6. Datensicherheit<\/h3>\n<p>Aus Sicherheitsgr\u00fcnden und zum Schutz der \u00dcbertragung vertraulicher Inhalte, die Sie an uns als Seitenbetreiber senden, nutzt unsere Website eine SSL-bzw. TLS-Verschl\u00fcsselung. Damit sind Daten, die Sie \u00fcber diese Website \u00fcbermitteln, f\u00fcr Dritte nicht mitlesbar. Sie erkennen eine verschl\u00fcsselte Verbindung an der \u201ehttps:\/\/\u201c Adresszeile Ihres Browsers und am Schloss-Symbol in der Browserzeile. Die Ihrerseits ggf. im Kontaktformular an uns \u00fcbermittelten Daten werden per E-Mail im sog. IMAPProtokoll an uns \u00fcbermittelt, welches verschl\u00fcsselt ist.<\/p>\n<p>Wir bedienen uns im \u00dcbrigen geeigneter technischer und organisatorischer Sicherheitsma\u00dfnahmen, um Ihre Daten gegen zuf\u00e4llige oder vors\u00e4tzliche Manipulationen, teilweisen oder vollst\u00e4ndigen Verlust, Zerst\u00f6rung oder gegen den unbefugten Zugriff Dritter zu sch\u00fctzen. Unsere Sicherheitsma\u00dfnahmen werden entsprechend der technologischen Entwicklung fortlaufend verbessert.<\/p>\n<h3>7. Aktualit\u00e4t und \u00c4nderung dieser Datenschutzerkl\u00e4rung<\/h3>\n<p>Diese Datenschutzerkl\u00e4rung ist aktuell g\u00fcltig und hat den Stand vom 25. Mai 2018.<br \/>\nDurch die Weiterentwicklung unserer Website und Angebote dar\u00fcber oder aufgrund ge\u00e4nderter gesetzlicher bzw. beh\u00f6rdlicher Vorgaben kann es notwendig werden, diese Datenschutzerkl\u00e4rung zu \u00e4ndern. Die jeweils aktuelle Datenschutzerkl\u00e4rung kann jederzeit auf unserer Seite oben unter dem Men\u00fcpunkt &#8222;Datenschutz&#8220; von Ihnen heruntergeladen oder ausgedruckt werden.<\/p>\n","protected":false},"excerpt":{"rendered":"<p>Eigent\u00fcmer- und Vermieterverein Bedburg und Umgebung c\/o Adelheid Kronenberg, Friedlandstr. 72, 50181 Bedburg Datenschutz-Information i. S. der Datenschutz-Grundverordnung 1. Name und Kontaktdaten des f\u00fcr die Verarbeitung Verantwortlichen Diese Datenschutz- Information gilt f\u00fcr die Datenverarbeitung durch: Verantwortlicher: Eigent\u00fcmer- und Vermieterverein Bedburg und Umgebung c\/o Adelheid Kronenberg, Friedlandstra\u00dfe 72, 50181 Bedburg E- Mail: vermieterverein-bedburg@gmx.de Telefon: 02272\/81402 Homepage: [&hellip;]<\/p>\n","protected":false},"author":1,"featured_media":0,"parent":0,"menu_order":6,"comment_status":"closed","ping_status":"closed","template":"","meta":{"footnotes":""},"class_list":["post-488","page","type-page","status-publish","hentry"],"_links":{"self":[{"href":"https:\/\/www.vermieterverein-bedburg.de\/index.php?rest_route=\/wp\/v2\/pages\/488","targetHints":{"allow":["GET"]}}],"collection":[{"href":"https:\/\/www.vermieterverein-bedburg.de\/index.php?rest_route=\/wp\/v2\/pages"}],"about":[{"href":"https:\/\/www.vermieterverein-bedburg.de\/index.php?rest_route=\/wp\/v2\/types\/page"}],"author":[{"embeddable":true,"href":"https:\/\/www.vermieterverein-bedburg.de\/index.php?rest_route=\/wp\/v2\/users\/1"}],"replies":[{"embeddable":true,"href":"https:\/\/www.vermieterverein-bedburg.de\/index.php?rest_route=%2Fwp%2Fv2%2Fcomments&post=488"}],"version-history":[{"count":3,"href":"https:\/\/www.vermieterverein-bedburg.de\/index.php?rest_route=\/wp\/v2\/pages\/488\/revisions"}],"predecessor-version":[{"id":738,"href":"https:\/\/www.vermieterverein-bedburg.de\/index.php?rest_route=\/wp\/v2\/pages\/488\/revisions\/738"}],"wp:attachment":[{"href":"https:\/\/www.vermieterverein-bedburg.de\/index.php?rest_route=%2Fwp%2Fv2%2Fmedia&parent=488"}],"curies":[{"name":"wp","href":"https:\/\/api.w.org\/{rel}","templated":true}]}}