{"id":8,"date":"2019-01-09T17:53:13","date_gmt":"2019-01-09T16:53:13","guid":{"rendered":"http:\/\/neu.vermieterverein-bedburg.de\/?page_id=8"},"modified":"2025-12-14T15:38:41","modified_gmt":"2025-12-14T14:38:41","slug":"mitgliederempfehlungen","status":"publish","type":"page","link":"https:\/\/www.vermieterverein-bedburg.de\/?page_id=8","title":{"rendered":"Mitgliederempfehlungen"},"content":{"rendered":"<p style=\"text-align: justify;\"><b>Unsere Mitglieder empfehlen sich:<\/b><\/p>\n<p style=\"text-align: justify;\">Bausanierungen Martinovic, Inh. Krunoslav Martinovic, Umbauten, Trockenausbau, Fliesen- \/ Pflaster-\/ Abbrucharbeiten, Am Finkelbach 8, 50181 Bedburg, Tel.: 02272\/4273, Handy: 0172\/5284867, <a href=\"mailto:bausanierungen-Martinovic@web.de\">bausanierungen-Martinovic@web.de<\/a><\/p>\n<p style=\"text-align: justify;\">Bl\u00e4ser, Martina, selbst. Buchhalterin\/ Steuerfachangestellte, Buchhaltungs- u. B\u00fcroservice\/ Lohnb\u00fcro, Brunnenstra\u00dfe 21, 50181 Bedburg, Tel.: 02272\/9376830, Fax: 02272\/9376829, <a href=\"http:\/\/www.blaeser-martina.bbh.de\">www.blaeser-martina.bbh.de<\/a>, <a href=\"mailto:blaeser-martina@bbh-mitglied.de\">blaeser-martina@bbh-mitglied.de<\/a><\/p>\n<p style=\"text-align: justify;\">BOHLENCONCEPT Immobilienverwaltung, Julia Bohlen, Immobilienfachwirtin (IHK), Miet- u. Sondereigentumsverwaltung, Nebenkostenabrechnung, Buschgasse 32, 50189 Elsdorf, Tel.: 02133\/244390, <a href=\"mailto:j.bohlen@bohlenconcept.de\">j.bohlen@bohlenconcept.de<\/a>, <a href=\"http:\/\/www.bohlenconcept.de\/\">www.bohlenconcept.de<\/a><\/p>\n<p>Immobilien Ko\u00dflitz, Inhaber: Christoph Ko\u00dflitz, Master of Engineering (M. Eng.), Immobilienmakler &amp; Hausverwaltung (qualifizierter und zertifizierter Immobilienverwalter), Adolf-Silverberg-Stra\u00dfe 37a, 50181 Bedburg, Handy: 0176\/34693249, <a href=\"info@immobilien-kosslitz.de\">info@immobilien-kosslitz.de<\/a>,\u00a0<a href=\"http:\/\/www.immobilien-kosslitz.de\">http:\/\/www.immobilien-kosslitz.de<\/a><\/p>\n<p style=\"text-align: justify;\">Immobilien Lemm, Inh. Jochen Lemm, Immobilienkaufmann, K\u00f6ln- Aachener Str. 89, 50127 Bergheim, Tel.: 02271\/8366788, Handy: 0170\/2952685, <a href=\"http:\/\/www.hausverwaltung-lemm.de\">www.immobilien-lemm.de<\/a><\/p>\n<p style=\"text-align: justify;\"><span style=\"color: #000000; font-family: Calibri; font-size: medium;\">Ing. &amp; Sachverst\u00e4ndigenb\u00fcro f\u00fcr Elektro-, Haus- u. Versorgungstechnik Elektrotechnik Teller UG, Inhaber: Michael Teller, Gnesener Str. 13, 50129 Bergheim, Tel.: 02271\/836615, Fax: 02271\/836618, <span style=\"color: #3366ff;\"><a href=\"mailto:info@teller-elektrotechnik.de\">info@teller-elektrotechnik.de<\/a>,<\/span> <a href=\"http:\/\/www.teller-elektrotechnik.de\">www.teller-elektrotechnik.de<\/a><\/span><\/p>\n<p style=\"text-align: justify;\">IWV Immobilien, Inhaber Wolfgang Vesen, Lilienweg 3, 50374 Erftstadt, Tel.: 02235\/770612, <a href=\"http:\/\/www.iwv-immobilien.de\">www.iwv-immobilien.de<\/a>, <a href=\"mailto:info@iwv-Immobilien.de\">info@iwv-Immobilien.de<\/a><\/p>\n<p style=\"text-align: justify;\">Jansen &amp; Hamacher GmbH, Karosserie- und Lackexperten, Otto- Hahn- Str. 15, 50181 Bedburg, Tel.: 02272\/81570, <a href=\"http:\/\/www.identica-jansen-hamacher.de\/\">www.identica-jansen-hamacher.de<\/a>, <a href=\"mailto:info@identica-jansen-hamacher.de\">info@identica-jansen-hamacher.de<\/a><\/p>\n<p style=\"text-align: justify;\">Krosch, Torsten, selbst. Versicherungskaufmann, W\u00fcrttembergische Versicherung AG, Lindenstra\u00dfe 2, 50181 Bedburg, Tel.: 02272\/5132, Handy: 0171\/2388379, <a href=\"http:\/\/www.wuerttembergische.de\">www.torsten-krosch.de<\/a>, <a href=\"mailto:torsten.krosch@wuerttembergische.de\">tk@torsten-krosch.de<\/a><\/p>\n<p style=\"text-align: justify;\">Peter Hamacher GmbH, unabh\u00e4ngiger Versicherungsmakler, Bahnstra\u00dfe 18b, 50181 Bedburg, Tel.: 02272\/938947, <a href=\"http:\/\/www.uvm-hamacher.de\">www.uvm-hamacher.de<\/a>, <a href=\"mailto:info@uvm-hamacher.de\">info@uvm-hamacher.de<\/a><\/p>\n<p>ralf boerner IMMOBILIEN e. K., Friedrich- Wilhelm- Str. 7, 50181 Bedburg, Tel.: 02272\/9787117, <a href=\"http:\/\/www.ralf-boerner-immobilien.de\">www.ralf-boerner-immobilien.de<\/a>, <a href=\"mailto:r.b@ralf-boerner-immobilien.de\">r.b@ralf-boerner-immobilien.de<\/a><\/p>\n<p style=\"text-align: justify;\">RHEIN-ERFT-IMMOBILIEN.com, Beraten. Bewerten. Verkaufen., Inh. Verena Richter, Reutergasse 21, 50129 Bergheim, Tel. 02271\/992063, <a href=\"http:\/\/www.rhein-erft-immobilien.com\/\"><span style=\"color: #0066cc;\">www.rhein-erft-immobilien.com<\/span><\/a>, <a href=\"mailto:post@rhein-erft-immobilien.com\"><span style=\"color: #0066cc;\">post@rhein-erft-immobilien.com<\/span><\/a><\/p>\n<p style=\"text-align: justify;\">RSC Versicherungen\u00a0 und Finanzen Ralf Schmitz, Versicherungsmakler &amp; Immobiliendarlehensvermittler, Max- Ernst- Str. 17, 50181 Bedburg, Tel.: 02272\/4074987, <span style=\"color: #3366ff;\"><a href=\"http:\/\/www.rsc-Versicherungen.de\">www.rsc-Versicherungen.de<\/a>, <a href=\"mailto:info@rsc-versicherungen.de\">info@rsc-versicherungen.de<\/a><\/span><\/p>\n<p>Schmitz, Heinz, Diplom- Betriebswirt, Zertifizierter Ruhestandsplaner, H. S. F. Gesellschaft f\u00fcr Finanz- und Ruhestandsplanung mbH, Schloss Bedburg, Graf- Salm- Stra\u00dfe 34, 50181 Bedburg, Tel.: 02272\/40753-0, <span style=\"color: #3366ff;\"><a href=\"http:\/\/www.rp-hsf.de\">www.rp-hsf.de<\/a>, <a href=\"mailto:info@rp-hsf.de\">info@rp-hsf.de<\/a><\/span><\/p>\n<p style=\"text-align: justify;\">Schmitz, Johannes, Schornsteinfeger u. gepr\u00fcfter Energie- u. Schimmelberater, Anton- Heinen- Str. 1, 50181 Bedburg, Tel.: 02272\/930423, <a href=\"http:\/\/www.energieberater-schmitz.de\">www.energieberater-schmitz.de<\/a>, <a href=\"mailto:energieberater-schmitz@gmx.de\">energieberater-schmitz@gmx.de<\/a><\/p>\n<p style=\"text-align: justify;\">Schneider, Stephan, Fliesenfachbetrieb, Friedlandstr. 30, 50181 Bedburg, Tel.: 02272\/82163, Handy: 0160\/96643131<\/p>\n<p style=\"text-align: justify;\">Schwabe, Katja, Immobilienberaterin\u00a0LBS Immobilien GmbH, Bethlehemer Str. 10, 50126 Bergheim, Tel.:\u00a002271\/47690, <a href=\"mailto:info@lbs-bergheim.de\">info@lbs-bergheim.de<\/a>, <a href=\"http:\/\/www.lbs-bergheim.de\/\">www.lbs-bergheim.de<\/a><\/p>\n<p style=\"text-align: justify;\">Steffens, Christian, Versicherungsfachmann (IHK), Provinzial Rheinland, Am K\u00f6lner Pf\u00e4dchen 1, 50181 Bedburg, Tel.: 02463\/1680, <a href=\"mailto:naujock.steffens@gs.provinzial.com\">naujock.steffens@gs.provinzial.com<\/a>, <a href=\"http:\/\/www.provinzial.com\/naujock-steffens\">www.provinzial.com\/naujock-steffens<\/a><\/p>\n<p style=\"text-align: justify;\">Stute, Frank, Gebietsleiter LBS Immobilien GmbH, Bethlehemer Str. 10, 50126 Bergheim, Tel.: 02271\/47690, <a href=\"mailto:info@lbs-bergheim.de\">info@lbs-bergheim.de<\/a>, <a href=\"http:\/\/www.lbs-bergheim.de\">www.lbs-bergheim.de<\/a><\/p>\n<p>TSS Immobilien, Inh. Sarangan Sundaralingam, Immobilienmakler, Mittelstra\u00dfe 21, 41469 Neuss, Handy: 01520\/1874594, <a href=\"http:\/\/www.tss-immobilien.de\">www.tss-immobilien.de<\/a>, <a href=\"mailto:info@tss-immobilien.de\">info@tss-immobilien.de<\/a><\/p>\n<p style=\"text-align: justify;\"><b>Haftungsausschluss: <\/b>Trotz sorgf\u00e4ltiger inhaltlicher Kontrolle \u00fcbernehmen wir keine\u00a0 Haftung f\u00fcr die Inhalte externer Links. F\u00fcr den Inhalt der verlinkten Seiten sind ausschlie\u00dflich deren Betreiber verantwortlich<\/p>\n","protected":false},"excerpt":{"rendered":"<p>Unsere Mitglieder empfehlen sich: Bausanierungen Martinovic, Inh. Krunoslav Martinovic, Umbauten, Trockenausbau, Fliesen- \/ Pflaster-\/ Abbrucharbeiten, Am Finkelbach 8, 50181 Bedburg, Tel.: 02272\/4273, Handy: 0172\/5284867, bausanierungen-Martinovic@web.de Bl\u00e4ser, Martina, selbst. Buchhalterin\/ Steuerfachangestellte, Buchhaltungs- u. B\u00fcroservice\/ Lohnb\u00fcro, Brunnenstra\u00dfe 21, 50181 Bedburg, Tel.: 02272\/9376830, Fax: 02272\/9376829, www.blaeser-martina.bbh.de, blaeser-martina@bbh-mitglied.de BOHLENCONCEPT Immobilienverwaltung, Julia Bohlen, Immobilienfachwirtin (IHK), Miet- u. Sondereigentumsverwaltung, Nebenkostenabrechnung, Buschgasse [&hellip;]<\/p>\n","protected":false},"author":1,"featured_media":0,"parent":0,"menu_order":3,"comment_status":"closed","ping_status":"closed","template":"","meta":{"footnotes":""},"class_list":["post-8","page","type-page","status-publish","hentry"],"_links":{"self":[{"href":"https:\/\/www.vermieterverein-bedburg.de\/index.php?rest_route=\/wp\/v2\/pages\/8","targetHints":{"allow":["GET"]}}],"collection":[{"href":"https:\/\/www.vermieterverein-bedburg.de\/index.php?rest_route=\/wp\/v2\/pages"}],"about":[{"href":"https:\/\/www.vermieterverein-bedburg.de\/index.php?rest_route=\/wp\/v2\/types\/page"}],"author":[{"embeddable":true,"href":"https:\/\/www.vermieterverein-bedburg.de\/index.php?rest_route=\/wp\/v2\/users\/1"}],"replies":[{"embeddable":true,"href":"https:\/\/www.vermieterverein-bedburg.de\/index.php?rest_route=%2Fwp%2Fv2%2Fcomments&post=8"}],"version-history":[{"count":40,"href":"https:\/\/www.vermieterverein-bedburg.de\/index.php?rest_route=\/wp\/v2\/pages\/8\/revisions"}],"predecessor-version":[{"id":957,"href":"https:\/\/www.vermieterverein-bedburg.de\/index.php?rest_route=\/wp\/v2\/pages\/8\/revisions\/957"}],"wp:attachment":[{"href":"https:\/\/www.vermieterverein-bedburg.de\/index.php?rest_route=%2Fwp%2Fv2%2Fmedia&parent=8"}],"curies":[{"name":"wp","href":"https:\/\/api.w.org\/{rel}","templated":true}]}}